{"id":452,"date":"2024-01-23T14:17:15","date_gmt":"2024-01-23T14:17:15","guid":{"rendered":"http:\/\/hdastservices.com\/services\/"},"modified":"2024-05-16T06:42:32","modified_gmt":"2024-05-16T06:42:32","slug":"services","status":"publish","type":"page","link":"http:\/\/mijonuservices.com\/es\/services\/","title":{"rendered":"Services"},"content":{"rendered":"<div class=\"inner-page-wrap service-page\">\r\n   <div class=\"container\">\r\n       <div class=\"row\">\r\n          \r\n\t\t  <div class=\"col-lg-4 col-md-6\"> \r\n\t\t       <div class=\"service-box\">\r\n\t\t            <img decoding=\"async\" class=\"img-fluid\" src=\"\/wp-content\/themes\/website-theme\/images\/Service-01.png\" alt=\"\">\r\n\t\t\t      \t<h3>GESTI\u00d3N DE CONFORMIDAD<\/h3>\r\n\t\t\t\t   <p>Como proveedor l\u00edder de externalizaci\u00f3n de servicios financieros, hacemos un seguimiento de todos los requisitos normativos y ofrecemos soluciones personalizadas, compatibles y f\u00e1ciles de usar.<\/p>\r\n\t\t      <\/div>\r\n\t\t   <\/div>\r\n\t\t   \r\n\t\t  <div class=\"col-lg-4 col-md-6\"> \r\n\t\t      <div class=\"service-box\">\r\n\t\t          <img decoding=\"async\" class=\"img-fluid\" src=\"\/wp-content\/themes\/website-theme\/images\/Service-02.png\" alt=\"\">\r\n\t\t\t      \t<h3>SERVICIO DE COBRO<\/h3>\r\n\t\t\t\t   <p>Garantizamos un alto \u00edndice de recuperaci\u00f3n, ya que nuestros expertos profesionales en recuperaciones ofrecen asistencia personalizada y en profundidad en los servicios relacionados con los cobros.<\/p>\t\t   \r\n\t\t      <\/div>\r\n\t\t   <\/div>\r\n\t\t   \r\n\t\t   <div class=\"col-lg-4 col-md-6\"> \r\n\t\t       <div class=\"service-box\">\r\n\t\t            <img decoding=\"async\" class=\"img-fluid\" src=\"\/wp-content\/themes\/website-theme\/images\/Service-03.png\" alt=\"\">\r\n\t\t\t      \t<h3>SERVICIO AL CLIENTE<\/h3>\r\n\t\t\t\t    <p>Nuestros servicios financieros BPO ofrecen servicios omnicanal con + 40 idiomas para un servicio al cliente multiling\u00fce perfecto.<\/p>\r\n\t\t      <\/div>\r\n\t\t  <\/div>\r\n\t\t  \r\n\t      <div class=\"col-lg-4 col-md-6\"> \r\n\t\t       <div class=\"service-box\">\r\n\t\t            <img decoding=\"async\" class=\"img-fluid\" src=\"\/wp-content\/themes\/website-theme\/images\/Service-04.png\" alt=\"\">\r\n\t\t\t      \t<h3>PREVENCI\u00d3N DEL FRAUDE<\/h3>\r\n\t\t\t\t   <p>Con nuestro avanzado software de seguridad de datos y una infraestructura de primera clase, podemos detener a los defraudadores y mantener un entorno seguro para tus clientes.<\/p>\r\n\t\t      <\/div>\r\n\t\t  <\/div>\r\n\t\t   \r\n\t    <div class=\"col-lg-4 col-md-6\"> \r\n\t\t   <div class=\"service-box\"> \r\n\t\t        <img decoding=\"async\" class=\"img-fluid\" src=\"\/wp-content\/themes\/website-theme\/images\/Service-05.png\" alt=\"\">\r\n\t\t\t    <h3>SUSCRIPCI\u00d3N<\/h3>\r\n\t\t\t\t<p>Nuestra externalizaci\u00f3n de servicios para organizaciones financieras utiliza expertos en finanzas cualificados para evaluar los aspectos normativos y financieros de las propuestas de los inversores, con el fin de encontrar las m\u00e1s adecuadas para tu empresa.<\/p>\r\n\t\t   <\/div>\r\n\t\t <\/div>\r\n\t\t \r\n\t\t  <div class=\"col-lg-4 col-md-6\"> \r\n\t\t       <div class=\"service-box\">\r\n\t\t           <img decoding=\"async\" class=\"img-fluid\" src=\"\/wp-content\/themes\/website-theme\/images\/Service-06.png\" alt=\"\">\r\n\t\t\t       <h3>GESTI\u00d3N DE RECLAMACIONES<\/h3>\r\n\t\t\t\t   <p>Somos diligentes con cada detalle y ofrecemos una resoluci\u00f3n desde el primer momento. Como resultado, cada reclamaci\u00f3n recibe atenci\u00f3n inmediata hasta el final.<\/p>\r\n\t\t      <\/div>\r\n\t\t   <\/div>\r\n\t\t   \r\n       <\/div>\r\n<\/div>\r\n<\/div>","protected":false},"excerpt":{"rendered":"GESTI\u00d3N DE CONFORMIDAD Como proveedor l\u00edder de externalizaci\u00f3n de servicios financieros, hacemos un seguimiento de todos los requisitos normativos y ofrecemos soluciones personalizadas, compatibles y f\u00e1ciles de usar. SERVICIO DE COBRO Garantizamos un alto \u00edndice de recuperaci\u00f3n, ya que nuestros expertos profesionales en recuperaciones ofrecen asistencia personalizada y en profundidad en los servicios relacionados con &hellip;","protected":false},"author":1,"featured_media":0,"parent":0,"menu_order":0,"comment_status":"closed","ping_status":"closed","template":"fullwidth-page.php","meta":{"footnotes":""},"class_list":["post-452","page","type-page","status-publish","hentry"],"_links":{"self":[{"href":"http:\/\/mijonuservices.com\/es\/wp-json\/wp\/v2\/pages\/452","targetHints":{"allow":["GET"]}}],"collection":[{"href":"http:\/\/mijonuservices.com\/es\/wp-json\/wp\/v2\/pages"}],"about":[{"href":"http:\/\/mijonuservices.com\/es\/wp-json\/wp\/v2\/types\/page"}],"author":[{"embeddable":true,"href":"http:\/\/mijonuservices.com\/es\/wp-json\/wp\/v2\/users\/1"}],"replies":[{"embeddable":true,"href":"http:\/\/mijonuservices.com\/es\/wp-json\/wp\/v2\/comments?post=452"}],"version-history":[{"count":3,"href":"http:\/\/mijonuservices.com\/es\/wp-json\/wp\/v2\/pages\/452\/revisions"}],"predecessor-version":[{"id":485,"href":"http:\/\/mijonuservices.com\/es\/wp-json\/wp\/v2\/pages\/452\/revisions\/485"}],"wp:attachment":[{"href":"http:\/\/mijonuservices.com\/es\/wp-json\/wp\/v2\/media?parent=452"}],"curies":[{"name":"wp","href":"https:\/\/api.w.org\/{rel}","templated":true}]}}