{"id":449,"date":"2024-01-18T07:11:01","date_gmt":"2024-01-18T07:11:01","guid":{"rendered":"http:\/\/hdastservices.com\/home\/"},"modified":"2025-04-29T15:09:57","modified_gmt":"2025-04-29T15:09:57","slug":"home","status":"publish","type":"page","link":"http:\/\/mijonuservices.com\/es\/","title":{"rendered":"Home Page"},"content":{"rendered":"<div class=\"homebanner\">\r\n    <div class=\"content_block\" id=\"custom_post_widget-66\"><div id=\"carousel-example-generic\" class=\"carousel slide\" data-ride=\"carousel\">\r\n<div class=\"carousel-inner\">\r\n<div class=\"item active\">\r\n   <img decoding=\"async\" class=\"img-fluid desktop\" src=\"\/wp-content\/themes\/website-theme\/images\/banner.gif\" alt=\"First slide\">\r\n   <img decoding=\"async\" class=\"img-fluid mobile\" src=\"\/wp-content\/themes\/website-theme\/images\/banner-mob.jpg\" alt=\"First slide\">\r\n   <div class=\"carousel-caption\">\r\n     <div class=\"container\">\r\n\t<div class=\"hps-content\">\r\n         <h2>Tecnolog\u00eda mejorada Experiencia personalizada<\/h2>\r\n         <p>Combinamos tecnolog\u00eda innovadora para mejorar<br>  la interacci\u00f3n con los representantes de la empresa<\/p>\r\n      <div class=\"banner-btn\">\r\n\t   <a href=\"http:\/\/hdastservices.com\/es\/contact-us\/\" class=\"btn\">Empieza Ahora<\/a>\r\n      <\/div>\r\n    <\/div>\r\n   <\/div>\r\n <\/div>\r\n<\/div>\r\n<\/div>\r\n<\/div><\/div>\r\n<\/div>\r\n\r\n<div class=\"section  second-section\">\r\n   <div class=\"container\">\r\n      <div class=\"row\">\r\n         <div class=\"col-lg-4\">\r\n\t\t     <div class=\"ss-box\">\r\n\t\t\t     <div class=\"icon  ss01\"> <\/div> \r\n\t\t\t     <div>\r\n\t\t\t\t     <h2>07<\/h2>\r\n\t\t\t\t\t <p>A\u00f1os de experiencia<\/p>\r\n\t\t\t\t <\/div> \r\n\t\t\t <\/div>\r\n\t\t <\/div>         \r\n         <div class=\"col-lg-4\">\r\n\t\t     <div class=\"ss-box\">\r\n\t\t\t     <div class=\"icon  ss02\"> <\/div> \r\n\t\t\t     <div>\r\n\t\t\t\t     <h2>24\/5<\/h2>\r\n\t\t\t\t\t <p>Disponibilidad de atenci\u00f3n al cliente<\/p>\r\n\t\t\t\t <\/div> \r\n\t\t\t <\/div>\r\n\t\t <\/div>     \r\n         <div class=\"col-lg-4\">\r\n\t\t     <div class=\"ss-box\">\r\n\t\t\t     <div class=\"icon  ss03\"> <\/div> \r\n\t\t\t     <div>\r\n\t\t\t\t     <h2>5M+<\/h2>\r\n\t\t\t\t\t <p>Interacciones de clientes al mes<\/p>\r\n\t\t\t\t <\/div> \r\n\t\t\t <\/div>\r\n\t\t <\/div>       \r\n \t  <\/div>\t  \r\n   <\/div>\r\n<\/div>\r\n\r\n\r\n<div class=\"section hp-about-us\">\r\n   <div class=\"container\">\r\n   \r\n    <div class=\"hpau-top\">\r\n      <div class=\"row\">\r\n         <div class=\"col-lg-3\">\r\n\t\t       <img decoding=\"async\" class=\"img-fluid\" src=\"\/wp-content\/themes\/website-theme\/images\/img-01.png\" alt=\"\">\r\n\t\t <\/div>         \r\n         <div class=\"col-lg-9\">\r\n\t\t       <h2>ACERCA DE Mijonuservices<\/h2>\r\n\t\t\t   <p>Llevamos 7 a\u00f1os acercando las marcas a tus clientes, con tecnolog\u00eda innovadora y el poder de la conexi\u00f3n humana a trav\u00e9s de una multitud de servicios integrales. Desde el desarrollo hasta la implementaci\u00f3n,Como empresa de BPM, reforzamos este compromiso con el trabajo de nuestros expertos en soporte.\r\n Atendemos diversas necesidades de externalizaci\u00f3n de soluciones de atenci\u00f3n al cliente de marcas de distintos sectores y nos comprometemos a ofrecer calidad.<\/p>\r\n\t\t <\/div>\r\n       <\/div>\r\n     <\/div>\r\n\t   \r\n\t <div class=\"hpau-bottom\">  \r\n     <div class=\"row\">\t   \r\n         <div class=\"col-md-3\">\r\n\t\t     <img decoding=\"async\" class=\"img-fluid\" src=\"\/wp-content\/themes\/website-theme\/images\/img-02.png\" alt=\"\">\r\n\t\t <\/div>       \r\n\t\t <div class=\"col-md-3\">\r\n\t\t      <img decoding=\"async\" class=\"img-fluid\" src=\"\/wp-content\/themes\/website-theme\/images\/img-03.png\" alt=\"\">\r\n\t\t <\/div>   \r\n\t\t <div class=\"col-md-3\">\r\n\t\t      <img decoding=\"async\" class=\"img-fluid\" src=\"\/wp-content\/themes\/website-theme\/images\/img-04.png\" alt=\"\">\r\n\t\t <\/div>   \r\n\t\t         <div class=\"col-md-3\">\r\n\t\t      <img decoding=\"async\" class=\"img-fluid\" src=\"\/wp-content\/themes\/website-theme\/images\/img-05.png\" alt=\"\">\r\n\t\t <\/div>   \r\n \t<\/div>\t  \r\n \t<\/div>\t  \r\n\t\r\n   <\/div>\r\n<\/div>\r\n\r\n<div class=\"section hp-service-slider\">\r\n    <div class=\"container\">\r\n       <div class=\"row\">\r\n\t     <div class=\"col-lg-12\">\r\n\t\t    <h2>OFERTA DE SERVICIOS<\/h2>\r\n\t\t   <p>Ofrecemos servicios de externalizaci\u00f3n de centros de llamadas y nos especializamos en el sector financiero, centr\u00e1ndonos en todo lo siguiente.<\/p>\r\n         <\/div>\r\n\t\t  <div class=\"col-lg-12\"> \r\n\t\t    <div class=\"owl-carousel owl-theme\">\r\n\t\t\t\t<div class=\"item\">\r\n\t\t\t\t   <div class=\"service-box\">\r\n\t\t\t\t        <div class=\"icon hss01\"><\/div>\r\n\t\t\t\t\t\t<h3>Gesti\u00f3n <br> de Conformidad<\/h3>\r\n\t\t\t\t\t\t<p>Como proveedor l\u00edder de externalizaci\u00f3n de servicios financieros, hacemos un seguimiento de todos los requisitos normativos y ofrecemos soluciones personalizadas, compatibles y f\u00e1ciles de usar.<\/p>\r\n\t\t\t\t   <\/div>\r\n\t\t\t\t<\/div>\r\n\t\t\t\t<div class=\"item\">\r\n\t\t\t\t   <div class=\"service-box\">\r\n\t\t\t\t        <div class=\"icon hss02\"><\/div>\r\n\t\t\t\t\t\t<h3>Servicio<br> de Cobro<\/h3>\r\n\t\t\t\t\t\t<p>Garantizamos un alto \u00edndice de recuperaci\u00f3n, ya que nuestros expertos profesionales en recuperaciones ofrecen asistencia personalizada y en profundidad en los servicios relacionados con los cobros.<\/p>\r\n\t\t\t\t   <\/div>\r\n\t\t\t\t<\/div>\r\n\t\t\t\t<div class=\"item\">\r\n\t\t\t\t   <div class=\"service-box\">\r\n\t\t\t\t        <div class=\"icon hss03\"><\/div>\r\n\t\t\t\t\t\t<h3>Servicio<br> al Cliente<\/h3>\r\n\t\t\t\t\t\t<p>Nuestros servicios financieros BPO ofrecen servicios omnicanal con + 40 idiomas para un servicio al cliente multiling\u00fce perfecto.<\/p>\r\n\t\t\t\t   <\/div>\r\n\t\t\t\t<\/div>\r\n\t\t\t\t<div class=\"item\">\r\n\t\t\t\t   <div class=\"service-box\">\r\n\t\t\t\t        <div class=\"icon hss04\"><\/div>\r\n\t\t\t\t\t\t<h3>Prevenci\u00f3n<br> del fraude<\/h3>\r\n\t\t\t\t\t\t<p>Con nuestro avanzado software de seguridad de datos y una infraestructura de primera clase, podemos detener a los defraudadores y mantener un entorno seguro para tus clientes.\r\n<\/p>\r\n\t\t\t\t   <\/div>\r\n\t\t\t\t<\/div>\r\n            <\/div>\r\n\t\t<\/div>\r\n\t  <\/div>\r\n   <\/div>\r\n<\/div>\r\n\r\n\r\n<div class=\"section call-center\">\r\n   <div class=\"container\">\r\n       <div class=\"row\">\r\n\t        <div class=\"col-lg-6\">\r\n\t\t\t     <h2>BENEFICIOS QUE OBTIENES DE NUESTRO CENTRO DE LLAMADAS FINANCIERAS<\/h2>               \r\n\t\t         <ul>\r\n                    <li>\r\n\t\t\t\t\t  <h4>Ampliaci\u00f3n<\/h4>\r\n\t\t\t\t\t  <p>Con nuestras soluciones de centro de llamadas, puedes ampliar o reducir r\u00e1pidamente el n\u00famero de empleados en funci\u00f3n de tus necesidades. Esto significa que solo tienes que pagar por los recursos necesarios y puedes ahorrar costes hasta que tu negocio pueda ir mejor.<\/p>\r\n\t\t\t\t\t<\/li>\t\t\t\t \r\n                    <li>\r\n\t\t\t\t\t   <h4>Aumento de las ventas y los ingresos<\/h4>\r\n\t\t\t\t\t   <p>Nuestras soluciones de centro de llamadas pueden ayudarle a aumentar tus ventas e ingresos, proporcionando una mejor atenci\u00f3n al cliente y aumentando la eficacia de tu equipo de ventas.<\/p>\r\n\t\t\t       <\/li>\t\t\r\n                    <li>\r\n\t\t\t\t\t   <h4>Disponibilidad 24\/7<\/h4>\r\n\t\t\t\t\t   <p>Nuestro centro de llamadas est\u00e1 operativo las 24 horas del d\u00eda, los siete d\u00edas de la semana, para que tus clientes siempre puedan comunicarse contigo sin importar la hora.<\/p>\r\n\t\t\t       <\/li>\t\r\n                    <li>\r\n\t\t\t\t\t   <h4>Reducci\u00f3n de los costes operativos<\/h4>\r\n\t\t\t\t\t   <p>Si subcontrata con nosotros tus necesidades de un centro de llamadas, podr\u00e1s reducir significativamente tus costes operativos. Esto se debe a que contamos con la infraestructura y la mano de obra necesaria para gestionar todas tus llamadas de forma eficiente.<\/p>\r\n\t\t\t       <\/li>\t\r\n                    <li>\r\n\t\t\t\t\t   <h4>Mayor satisfacci\u00f3n del cliente<\/h4>\r\n\t\t\t\t\t   <p>Con nuestros agentes formados profesionalmente, puedes estar seguro de que tus clientes recibir\u00e1n siempre el mejor servicio posible. Esto mejorar\u00e1 la satisfacci\u00f3n y fidelidad de los clientes.<\/p>\r\n\t\t\t       <\/li>\t\t\t\t   \r\n\t\t\t<\/ul>\r\n\t\t\t<\/div>\r\n\t\t\t<div class=\"col-lg-6\">\r\n\t\t\t   <img decoding=\"async\" class=\"img-fluid\" src=\"\/wp-content\/themes\/website-theme\/images\/gif-circle.gif\" alt=\"\">\r\n\t\t\t<\/div>\r\n\t   <\/div>\r\n   <\/div>\r\n<\/div>\r\n\r\n<div class=\"section hp-last-section\">\r\n    <div class=\"container\">\r\n       <div class=\"row\">\r\n          <div class=\"col-lg-4\"> \r\n\t\t       <div class=\"hpls-box\">\r\n\t\t            <img decoding=\"async\" class=\"img-fluid\" src=\"\/wp-content\/themes\/website-theme\/images\/S05-img-01.png\" alt=\"\">\r\n\t\t\t      \t<h3>Valor A\u00f1adido<\/h3>\r\n\t\t\t\t   <p>Nos esforzamos por crear una conexi\u00f3n humana en cada una de nuestras interacciones. Esto nos permite centrarnos en las preocupaciones del cliente y atender sus necesidades con una comprensi\u00f3n mutua.<\/p>\r\n\t\t      <\/div>\r\n\t\t   <\/div>\r\n\t\t    <div class=\"col-lg-4\"> \r\n\t\t       <div class=\"hpls-box\">\r\n\t\t            <img decoding=\"async\" class=\"img-fluid\" src=\"\/wp-content\/themes\/website-theme\/images\/S05-img-02.png\" alt=\"\">\r\n\t\t\t      \t<h3>Perspectiva Global, Enfoque Local<\/h3>\r\n\t\t\t\t    <p>En Mijonuservices fomentamos una cultura de colaboraci\u00f3n. Nos ayuda a fusionar ideas variadas en un conjunto \u00fanico para ofrecer soluciones que pueden tener un impacto a nivel local y destacar a escala global.<\/p>\r\n\t\t      <\/div>\r\n\t\t   <\/div>\r\n\t\t   \r\n\t\t   <div class=\"col-lg-4\"> \r\n\t\t       <div class=\"hpls-box\">\r\n\t\t            <img decoding=\"async\" class=\"img-fluid\" src=\"\/wp-content\/themes\/website-theme\/images\/S05-img-03.png\" alt=\"\">\r\n\t\t\t      \t<h3>Conexi\u00f3n Humana y Tecnolog\u00eda<\/h3>\r\n\t\t\t\t    <p>Garantizamos una experiencia de atenci\u00f3n al cliente superior CX en todos los puntos de contacto, equipando a nuestros agentes con herramientas pioneras basadas en IA y form\u00e1ndoles para que se acerquen a los clientes con empat\u00eda. Esto nos ayuda a ofrecer una experiencia hi-tech hi-touch, creando una f\u00f3rmula de calidad impulsada por la conexi\u00f3n humana.<\/p>\r\n\t\t      <\/div>\r\n\t\t   <\/div>\r\n       <\/div>\r\n  <\/div>\r\n<\/div>\r\n\r\n<div class=\"blue-bottom-section\">\r\n  <div class=\"container\">\r\n\t   <div class=\"bbs-wrap\">\r\n\t\t\t<div class=\"row\">\r\n\t\t\t\t  <div class=\"col-md-12\">\r\n\t\t\t\t\t  <h2>FACILITAR EL CRECIMIENTO RENTABLE CON LA EXTERNALIZACI\u00d3N DE CENTROS DE LLAMADAS PARA SERVICIOS FINANCIEROS<\/h2>\r\n\t\t\t\t  <\/div>\r\n\t\t\t\t  <div class=\"col-md-12\">\r\n\t\t\t\t\t  <h3>Externalizaci\u00f3n de Centros de Llamadas de Servicios Financieros &#8211; Maximizar la Experiencia del Cliente y la Rentabilidad<\/h3>\r\n\t\t\t\t\t  <p>En esta nueva era en constante evoluci\u00f3n, las instituciones financieras se enfrentan a retos relacionados con el cambio digital, el mantenimiento de los ingresos, la creaci\u00f3n de relaciones valiosas con los clientes, la reinvenci\u00f3n de la plantilla y el fomento del crecimiento y la rentabilidad. Este mundo empresarial en r\u00e1pida evoluci\u00f3n hace que sea dif\u00edcil hacer frente a estos retos y mantener la competitividad. Pero al asociarse con empresas de externalizaci\u00f3n de servicios financieros que ofrecen soluciones a medida para organizaciones financieras, puedes hacer crecer tu negocio a un ritmo adecuado. Nuestros servicios de centros de llamadas financieros tienen como objetivo ayudarte a mejorar la satisfacci\u00f3n del cliente, aumentar las ventas y agilizar las operaciones. Adem\u00e1s, ofrecemos una variedad de funciones que se adaptan a tus necesidades espec\u00edficas. Aprovechando nuestra tecnolog\u00eda de vanguardia y nuestro equipo de experimentados profesionales, podr\u00e1s centrarte en tus principales objetivos empresariales y dejar el resto en nuestras manos.<\/p>\r\n\t\t\t\t  <\/div>\r\n\t\t\t\t <div class=\"col-md-12\">\r\n\t\t\t\t\t<h3>Tipos de Instituciones Financieras a las que Nuestro Centro de Llamadas Ofrece Servicios de Externalizaci\u00f3n <\/h3>\r\n\t\t\t\t\t<p class=\"no-margin\">El panorama de los servicios financieros est\u00e1 cambiando debido al desarrollo de nuevas startups de tecnolog\u00eda financiera, la transformaci\u00f3n de los modelos de negocio, las tecnolog\u00edas disruptivas, el aumento de la regulaci\u00f3n y la presi\u00f3n por el cumplimiento de la normativa. Adem\u00e1s, las cambiantes demandas de los clientes tambi\u00e9n se suman a estos crecientes desaf\u00edos a los que las instituciones financieras se enfrentan a menudo, como manejar un alto volumen de llamadas, evaluar la ciberseguridad, cumplir con los requisitos reglamentarios, la evoluci\u00f3n de los modelos de negocio y fidelizar a los clientes. Entre estos retos, las instituciones financieras, incluidas las cooperativas de cr\u00e9dito, las compa\u00f1\u00edas de seguros, las empresas de inversi\u00f3n y las instituciones bancarias, tienen necesidades \u00fanicas. Nuestro centro de llamadas de servicios financieros cuenta con la experiencia y los conocimientos necesarios para ofrecer soluciones de externalizaci\u00f3n a las necesidades de cada instituci\u00f3n financiera.<\/p>\r\n\t\t\t\t<\/div>\r\n\t\t\t<\/div>\r\n\t   <\/div>\r\n  <\/div>\r\n<\/div>\r\n\r\n","protected":false},"excerpt":{"rendered":"07 A\u00f1os de experiencia 24\/5 Disponibilidad de atenci\u00f3n al cliente 5M+ Interacciones de clientes al mes ACERCA DE Mijonuservices Llevamos 7 a\u00f1os acercando las marcas a tus clientes, con tecnolog\u00eda innovadora y el poder de la conexi\u00f3n humana a trav\u00e9s de una multitud de servicios integrales. Desde el desarrollo hasta la implementaci\u00f3n,Como empresa de BPM, &hellip;","protected":false},"author":1,"featured_media":0,"parent":0,"menu_order":0,"comment_status":"closed","ping_status":"closed","template":"homepage.php","meta":{"footnotes":""},"class_list":["post-449","page","type-page","status-publish","hentry"],"_links":{"self":[{"href":"http:\/\/mijonuservices.com\/es\/wp-json\/wp\/v2\/pages\/449","targetHints":{"allow":["GET"]}}],"collection":[{"href":"http:\/\/mijonuservices.com\/es\/wp-json\/wp\/v2\/pages"}],"about":[{"href":"http:\/\/mijonuservices.com\/es\/wp-json\/wp\/v2\/types\/page"}],"author":[{"embeddable":true,"href":"http:\/\/mijonuservices.com\/es\/wp-json\/wp\/v2\/users\/1"}],"replies":[{"embeddable":true,"href":"http:\/\/mijonuservices.com\/es\/wp-json\/wp\/v2\/comments?post=449"}],"version-history":[{"count":7,"href":"http:\/\/mijonuservices.com\/es\/wp-json\/wp\/v2\/pages\/449\/revisions"}],"predecessor-version":[{"id":524,"href":"http:\/\/mijonuservices.com\/es\/wp-json\/wp\/v2\/pages\/449\/revisions\/524"}],"wp:attachment":[{"href":"http:\/\/mijonuservices.com\/es\/wp-json\/wp\/v2\/media?parent=449"}],"curies":[{"name":"wp","href":"https:\/\/api.w.org\/{rel}","templated":true}]}}