{"id":447,"date":"2024-01-25T06:29:07","date_gmt":"2024-01-25T06:29:07","guid":{"rendered":"http:\/\/hdastservices.com\/faq\/"},"modified":"2024-05-16T07:42:48","modified_gmt":"2024-05-16T07:42:48","slug":"faq","status":"publish","type":"page","link":"http:\/\/mijonuservices.com\/es\/faq\/","title":{"rendered":"FAQ"},"content":{"rendered":"<div class=\"inner-page-wrap faq-page\">\r\n  <div class=\"container\">\r\n     <div class=\"row\">\r\n       <div class=\"col-lg-7\">\r\n\t      <div id=\"accordion\">\r\n       <div class=\"card active\">\r\n\t\t  <div class=\"card-header\">\r\n\t\t\t<a class=\"btn\" data-bs-toggle=\"collapse\" href=\"#collapseOne\">\r\n\t\t\t\u00bfCu\u00e1les son las ventajas de externalizar nuestro centro de llamadas de servicios financieros?\r\n\t\t\t<\/a>\r\n\t\t  <\/div>\r\n\t\t  <div id=\"collapseOne\" class=\"collapse show\" data-bs-parent=\"#accordion\">\r\n\t\t\t<div class=\"card-body\">\r\n\t\t\t   <p>La externalizaci\u00f3n de tu centro de llamadas de servicios financieros puede proporcionarte varias ventajas, como ahorro de costes, acceso a conocimientos especializados, escalabilidad, mejora del servicio al cliente, mayor eficacia y la posibilidad de centrarse en las actividades principales de tu negocio.<\/p>\r\n\t\t\t<\/div>\r\n\t\t  <\/div>\r\n      <\/div>\r\n\t\r\n    <div class=\"card\">\r\n      <div class=\"card-header\">\r\n        <a class=\"collapsed btn\" data-bs-toggle=\"collapse\" href=\"#collapseTwo\">\r\n    \u00bfC\u00f3mo pueden tus servicios de externalizaci\u00f3n cumplir con los requisitos espec\u00edficos de nuestra sector financiero?\r\n\r\n       <\/a>\r\n      <\/div>\r\n      <div id=\"collapseTwo\" class=\"collapse\" data-bs-parent=\"#accordion\">\r\n        <div class=\"card-body\">\r\n             <p>Como proveedor experimentado de externalizaci\u00f3n de centros de llamadas de servicios financieros, entendemos los requisitos \u00fanicos de la industria. Contamos con un equipo de profesionales capacitados que est\u00e1n bien versados en productos financieros, regulaciones y est\u00e1ndares de cumplimiento. Podemos personalizar nuestros servicios para alinearnos con sus necesidades espec\u00edficas y garantizar el cumplimiento de las regulaciones de la industria.<\/p>\r\n\t\t <\/div>\r\n      <\/div>\r\n    <\/div>\r\n\t\r\n    <div class=\"card\">\r\n      <div class=\"card-header\">\r\n        <a class=\"collapsed btn\" data-bs-toggle=\"collapse\" href=\"#collapseThree\">\r\n       \u00bfQu\u00e9 tipo de asistencia telef\u00f3nica para servicios financieros ofrecen?\r\n        <\/a>\r\n      <\/div>\r\n      <div id=\"collapseThree\" class=\"collapse\" data-bs-parent=\"#accordion\">\r\n        <div class=\"card-body\">\r\n\t\t   <p>Ofrecemos una amplia gama de soporte de centro de llamadas de servicios financieros, que incluye consultas y soporte al cliente, gesti\u00f3n de cuentas, procesamiento de pagos, solicitudes de pr\u00e9stamos y tarjetas de cr\u00e9dito, prevenci\u00f3n de fraudes, resoluci\u00f3n de disputas, cobranzas y m\u00e1s. Nuestros servicios est\u00e1n dise\u00f1ados para satisfacer los requisitos espec\u00edficos de las instituciones financieras.<\/p>\r\n\t\t <\/div>\r\n      <\/div>\r\n    <\/div>\r\n\t\r\n<div class=\"card\">\r\n      <div class=\"card-header\">\r\n        <a class=\"collapsed btn\" data-bs-toggle=\"collapse\" href=\"#collapseFour\">\r\n          \u00bfPueden manejar altos vol\u00famenes de llamadas durante los per\u00edodos de mayor actividad?\r\n        <\/a>\r\n      <\/div>\r\n      <div id=\"collapseFour\" class=\"collapse\" data-bs-parent=\"#accordion\">\r\n        <div class=\"card-body\">\r\n\t\t  <p>S\u00ed, tenemos la capacidad de manejar vol\u00famenes de llamadas altos durante per\u00edodos de alta demanda. Nuestro centro de llamadas est\u00e1 equipado con tecnolog\u00eda avanzada e infraestructura que nos permite escalar nuestras operaciones r\u00e1pidamente. Podemos garantizar que sus clientes reciban un servicio r\u00e1pido y eficiente incluso durante per\u00edodos de alta demanda.<\/p>\r\n\t\t<\/div>\r\n      <\/div>\r\n<\/div>\r\n\r\n\r\n<div class=\"card\">\r\n      <div class=\"card-header\">\r\n        <a class=\"collapsed btn\" data-bs-toggle=\"collapse\" href=\"#collapseFive\">\r\n        \u00bfC\u00f3mo se garantiza el control de calidad y se mantienen los est\u00e1ndares de servicio?\r\n        <\/a>\r\n      <\/div>\r\n      <div id=\"collapseFive\" class=\"collapse\" data-bs-parent=\"#accordion\">\r\n        <div class=\"card-body\">\r\n\t\t\t<p>Tenemos medidas rigurosas de control de calidad para mantener los est\u00e1ndares de servicio. Nuestros agentes de centro de llamadas reciben un entrenamiento exhaustivo sobre productos financieros, regulaciones de la industria y mejores pr\u00e1cticas de servicio al cliente. Adem\u00e1s, realizamos evaluaciones de desempe\u00f1o regulares, monitoreo de llamadas y an\u00e1lisis de retroalimentaci\u00f3n del cliente para garantizar una calidad de servicio consistente.<\/p>\r\n\t\t<\/div>\r\n      <\/div>\r\n<\/div>\r\n\r\n<div class=\"card\">\r\n      <div class=\"card-header\">\r\n        <a class=\"collapsed btn\" data-bs-toggle=\"collapse\" href=\"#collapseSix\">\r\n          \u00bfCu\u00e1l es su enfoque para la satisfacci\u00f3n y fidelizaci\u00f3n del cliente?\r\n        <\/a>\r\n      <\/div>\r\n      <div id=\"collapseSix\" class=\"collapse\" data-bs-parent=\"#accordion\">\r\n         <div class=\"card-body\">\r\n\t\t\t<p>La satisfacci\u00f3n del cliente es nuestra prioridad. Nos esforzamos por proporcionar experiencias excepcionales que construyan confianza y lealtad. Nuestros agentes financieros est\u00e1n capacitados para manejar las consultas de los clientes con profesionalismo, empat\u00eda y eficiencia. Tambi\u00e9n recopilamos regularmente comentarios de los clientes y realizamos mejoras basadas en sus sugerencias para mejorar continuamente nuestros servicios.<\/p>\r\n\t\t <\/div>\r\n      <\/div>\r\n<\/div>\r\n\r\n<div class=\"card\">\r\n      <div class=\"card-header\">\r\n        <a class=\"collapsed btn\" data-bs-toggle=\"collapse\" href=\"#collapseSeven\">\r\n          \u00bfCu\u00e1l es el proceso para incorporar y hacer la transici\u00f3n de nuestros servicios financieros a su centro de llamadas?\r\n        <\/a>\r\n      <\/div>\r\n      <div id=\"collapseSeven\" class=\"collapse\" data-bs-parent=\"#accordion\">\r\n        <div class=\"card-body\">\r\n\t\t\t<p>Nuestro proceso de integraci\u00f3n es fluido y bien estructurado. Colaboramos estrechamente con usted para comprender sus requisitos espec\u00edficos, sistemas y procesos. Desarrollamos un plan de transici\u00f3n detallado y garantizamos una transferencia de conocimientos sin problemas. Nuestro equipo dedicado trabaja estrechamente con su organizaci\u00f3n para facilitar una transici\u00f3n fluida y minimizar cualquier interrupci\u00f3n en sus operaciones.<\/p>\r\n\t    <\/div>\r\n      <\/div>\r\n<\/div>\r\n\r\n<\/div>  \r\n\r\n<\/div>\r\n\r\n\r\n<div class=\"col-lg-5\">\r\n\t    <img decoding=\"async\" class=\"img-fluid\" src=\"\/wp-content\/themes\/website-theme\/images\/faq-img.png\" alt=\"\">\r\n<\/div>\r\n\t   \r\n  \r\n  <\/div>\r\n <\/div>\r\n<\/div>","protected":false},"excerpt":{"rendered":"\u00bfCu\u00e1les son las ventajas de externalizar nuestro centro de llamadas de servicios financieros? La externalizaci\u00f3n de tu centro de llamadas de servicios financieros puede proporcionarte varias ventajas, como ahorro de costes, acceso a conocimientos especializados, escalabilidad, mejora del servicio al cliente, mayor eficacia y la posibilidad de centrarse en las actividades principales de tu negocio. &hellip;","protected":false},"author":1,"featured_media":0,"parent":0,"menu_order":0,"comment_status":"closed","ping_status":"closed","template":"fullwidth-page.php","meta":{"footnotes":""},"class_list":["post-447","page","type-page","status-publish","hentry"],"_links":{"self":[{"href":"http:\/\/mijonuservices.com\/es\/wp-json\/wp\/v2\/pages\/447","targetHints":{"allow":["GET"]}}],"collection":[{"href":"http:\/\/mijonuservices.com\/es\/wp-json\/wp\/v2\/pages"}],"about":[{"href":"http:\/\/mijonuservices.com\/es\/wp-json\/wp\/v2\/types\/page"}],"author":[{"embeddable":true,"href":"http:\/\/mijonuservices.com\/es\/wp-json\/wp\/v2\/users\/1"}],"replies":[{"embeddable":true,"href":"http:\/\/mijonuservices.com\/es\/wp-json\/wp\/v2\/comments?post=447"}],"version-history":[{"count":7,"href":"http:\/\/mijonuservices.com\/es\/wp-json\/wp\/v2\/pages\/447\/revisions"}],"predecessor-version":[{"id":498,"href":"http:\/\/mijonuservices.com\/es\/wp-json\/wp\/v2\/pages\/447\/revisions\/498"}],"wp:attachment":[{"href":"http:\/\/mijonuservices.com\/es\/wp-json\/wp\/v2\/media?parent=447"}],"curies":[{"name":"wp","href":"https:\/\/api.w.org\/{rel}","templated":true}]}}